{"id":1603,"date":"2025-08-29T21:24:20","date_gmt":"2025-08-29T21:24:20","guid":{"rendered":"https:\/\/we-glide.com\/?page_id=1603"},"modified":"2026-02-04T08:57:37","modified_gmt":"2026-02-04T08:57:37","slug":"politique-de-confidentialite","status":"publish","type":"page","link":"https:\/\/we-glide.com\/fr\/privacy-policy\/","title":{"rendered":"Politique De Confidentialit\u00e9"},"content":{"rendered":"<div data-elementor-type=\"wp-page\" data-elementor-id=\"1603\" class=\"elementor elementor-1603\">\n\t\t\t\t<div class=\"elementor-element elementor-element-b5ea4fe e-flex e-con-boxed e-con e-parent\" data-id=\"b5ea4fe\" data-element_type=\"container\" data-e-type=\"container\">\n\t\t\t\t\t<div class=\"e-con-inner\">\n\t\t\t\t<div class=\"elementor-element elementor-element-5dab60b elementor-widget elementor-widget-text-editor\" data-id=\"5dab60b\" data-element_type=\"widget\" data-e-type=\"widget\" data-widget_type=\"text-editor.default\">\n\t\t\t\t\t\t\t\t\t<h2><b>Politique De Confidentialit\u00e9<\/b><\/h2><p><b>Derni\u00e8re mise \u00e0 jour : 29 octobre 2025<\/b><\/p><h3><b>1. Responsable du traitement des donn\u00e9es<\/b><\/h3><p><span style=\"font-weight: 400;\">Le responsable du traitement des donn\u00e9es est :<\/span><span style=\"font-weight: 400;\"><br \/><\/span> <b>WE GLIDE<\/b><b><br \/><\/b><span style=\"font-weight: 400;\"> Si\u00e8ge social : <\/span><b>Pointe d'Esny, Maurice<\/b><span style=\"font-weight: 400;\"><br \/><\/span><span style=\"font-weight: 400;\"> Courriel de contact : <strong>hello@we-glide.com<\/strong><\/span><span style=\"font-weight: 400;\"><br \/><\/span><span style=\"font-weight: 400;\"> T\u00e9l\u00e9phone : <strong>+230 5511 4777<\/strong><\/span><\/p><p><span style=\"font-weight: 400;\">Les <span style=\"text-decoration: underline;\"><a href=\"https:\/\/we-glide.com\/fr\/\"><strong>https:\/\/we-glide.com\/<\/strong><\/a><\/span><\/span><b><\/b><span style=\"font-weight: 400;\"> Le site web a \u00e9t\u00e9 d\u00e9velopp\u00e9 par <\/span><b>Blablabla Agency LTD, situ\u00e9e \u00e0 13 Lees Street, 74404 Curepipe, Maurice.<\/b><b><br \/><\/b><span style=\"font-weight: 400;\"> L'h\u00e9bergement est assur\u00e9 par <\/span><b>Hostinger International Ltd<\/b><span style=\"font-weight: 400;\">dont les serveurs sont utilis\u00e9s pour le stockage du contenu et le fonctionnement technique du site.<\/span><\/p><h3><b>2. Donn\u00e9es collect\u00e9es<\/b><\/h3><p><span style=\"font-weight: 400;\">Nous recueillons les donn\u00e9es suivantes lorsque vous naviguez sur le site :<\/span><\/p><ul><li style=\"font-weight: 400;\" aria-level=\"1\"><b>Donn\u00e9es d'identification<\/b><span style=\"font-weight: 400;\">,<\/span> <span style=\"font-weight: 400;\">comme votre nom, pr\u00e9nom, adresse e-mail ou num\u00e9ro de t\u00e9l\u00e9phone, lorsque vous remplissez un formulaire de contact.<\/span><span style=\"font-weight: 400;\"><br \/><\/span><\/li><li style=\"font-weight: 400;\" aria-level=\"1\"><b>Donn\u00e9es de navigation<\/b><span style=\"font-weight: 400;\">Les donn\u00e9es relatives \u00e0 l'utilisation du site, telles que l'adresse IP, le type de navigateur, les pages consult\u00e9es ou le temps pass\u00e9 sur le site, sont collect\u00e9es \u00e0 l'aide de cookies et d'outils d'analyse.<\/span><span style=\"font-weight: 400;\"><br \/><\/span><\/li><\/ul><h3><b>3. Finalit\u00e9s du traitement<\/b><\/h3><p><span style=\"font-weight: 400;\">Vos donn\u00e9es sont utilis\u00e9es aux fins suivantes :<\/span><\/p><ul><li style=\"font-weight: 400;\" aria-level=\"1\"><span style=\"font-weight: 400;\">R\u00e9pondre \u00e0 vos demandes via le formulaire de contact.<\/span><span style=\"font-weight: 400;\"><br \/><\/span><\/li><li style=\"font-weight: 400;\" aria-level=\"1\"><span style=\"font-weight: 400;\">Fournir les services que vous avez demand\u00e9s.<\/span><span style=\"font-weight: 400;\"><br \/><\/span><\/li><li style=\"font-weight: 400;\" aria-level=\"1\"><span style=\"font-weight: 400;\">Am\u00e9liorer l'exp\u00e9rience de l'utilisateur et le contenu du site.<\/span><span style=\"font-weight: 400;\"><br \/><\/span><\/li><li style=\"font-weight: 400;\" aria-level=\"1\"><span style=\"font-weight: 400;\">Assurer la s\u00e9curit\u00e9, la performance et la maintenance technique du site.<\/span><span style=\"font-weight: 400;\"><br \/><\/span><\/li><\/ul><h3><b>4. Base juridique du traitement<\/b><\/h3><p><span style=\"font-weight: 400;\">Le traitement de vos donn\u00e9es est bas\u00e9 sur :<\/span><\/p><ul><li style=\"font-weight: 400;\" aria-level=\"1\"><span style=\"font-weight: 400;\">Votre <\/span><b>consentement<\/b><span style=\"font-weight: 400;\">notamment par le biais de cookies et de formulaires.<\/span><span style=\"font-weight: 400;\"><br \/><\/span><\/li><li style=\"font-weight: 400;\" aria-level=\"1\"><b>L'ex\u00e9cution d'un contrat ou de mesures pr\u00e9contractuelles<\/b><span style=\"font-weight: 400;\">lorsque vous nous contactez.<\/span><span style=\"font-weight: 400;\"><br \/><\/span><\/li><li style=\"font-weight: 400;\" aria-level=\"1\"><span style=\"font-weight: 400;\">L'entreprise<\/span><b> int\u00e9r\u00eat l\u00e9gitime<\/b><span style=\"font-weight: 400;\"> en s\u00e9curisant et en am\u00e9liorant le site .<\/span><span style=\"font-weight: 400;\"><br \/><\/span><\/li><\/ul><h3><b>5. Destinataires des donn\u00e9es<\/b><\/h3><p><span style=\"font-weight: 400;\">Vos donn\u00e9es sont destin\u00e9es \u00e0 \u00eatre utilis\u00e9es par <\/span><b>WE GLIDE<\/b><span style=\"font-weight: 400;\"> aux fins mentionn\u00e9es ci-dessus.<\/span><span style=\"font-weight: 400;\"><br \/><\/span><span style=\"font-weight: 400;\">Les prestataires de services techniques (agence web, h\u00e9bergeur) peuvent avoir acc\u00e8s \u00e0 vos donn\u00e9es dans le cadre de leur <\/span><b>missions de maintenance, d'h\u00e9bergement ou de d\u00e9veloppement<\/b><span style=\"font-weight: 400;\">.<\/span><\/p><h3><b>6. P\u00e9riode de conservation<\/b><\/h3><ul><li style=\"font-weight: 400;\" aria-level=\"1\"><b>Donn\u00e9es de contact : <\/b><span style=\"font-weight: 400;\">gard\u00e9 pendant <\/span><b>3 ans<\/b><span style=\"font-weight: 400;\"> depuis leur dernier \u00e9change.<\/span><span style=\"font-weight: 400;\"><br \/><\/span><\/li><li style=\"font-weight: 400;\" aria-level=\"1\"><b>Donn\u00e9es de navigation <\/b><span style=\"font-weight: 400;\">(cookies) : conserv\u00e9s pendant une dur\u00e9e maximale de <\/span><b>13 mois<\/b><span style=\"font-weight: 400;\">.<\/span><span style=\"font-weight: 400;\"><br \/><\/span><\/li><\/ul><h3><b>7. Cookies et outils de suivi<\/b><\/h3><p><span style=\"font-weight: 400;\">Le site utilise des cookies pour :<\/span><\/p><ul><li><span style=\"font-weight: 400;\">Optimisez votre exp\u00e9rience de navigation.<\/span><span style=\"font-weight: 400;\"><br \/><\/span><\/li><li><span style=\"font-weight: 400;\">Analyser le trafic afin d'am\u00e9liorer le contenu.<\/span><span style=\"font-weight: 400;\"><br \/><\/span><span style=\"font-weight: 400;\"> Vous pouvez g\u00e9rer vos pr\u00e9f\u00e9rences via votre navigateur ou refuser les cookies non essentiels.<\/span><span style=\"font-weight: 400;\"><br \/><\/span><\/li><\/ul><h3><b>8. S\u00e9curit\u00e9 des donn\u00e9es<\/b><\/h3><p><span style=\"font-weight: 400;\">Nous mettons en \u0153uvre des mesures techniques et organisationnelles appropri\u00e9es pour prot\u00e9ger vos donn\u00e9es personnelles (h\u00e9bergement s\u00e9curis\u00e9, acc\u00e8s contr\u00f4l\u00e9, cryptage HTTPS).<\/span><\/p><h3><b>9. Vos droits<\/b><\/h3><p><span style=\"font-weight: 400;\">Conform\u00e9ment \u00e0 la<\/span><b> R\u00e8glement g\u00e9n\u00e9ral sur la protection des donn\u00e9es (RGPD)<\/b><span style=\"font-weight: 400;\">vous avez les droits suivants :<\/span><\/p><ul><li><b>Acc\u00e8s<\/b><span style=\"font-weight: 400;\"> \u00e0 vos donn\u00e9es.<\/span><span style=\"font-weight: 400;\"><br \/><\/span><\/li><li><b>Rectification<\/b><span style=\"font-weight: 400;\"> de donn\u00e9es inexactes.<\/span><span style=\"font-weight: 400;\"><br \/><\/span><\/li><li><b>Suppression <\/b><span style=\"font-weight: 400;\">de vos donn\u00e9es.<\/span><\/li><li><b>Restreindre <\/b><span style=\"font-weight: 400;\">ou s'opposer \u00e0 certains traitements.<\/span><span style=\"font-weight: 400;\"><br \/><\/span><\/li><li><b>Retirer votre consentement<\/b><span style=\"font-weight: 400;\"> \u00e0 tout moment.<\/span><span style=\"font-weight: 400;\"><br \/><\/span><\/li><\/ul><p><span style=\"font-weight: 400;\">Pour exercer vos droits, veuillez nous contacter \u00e0 l'adresse suivante : :<\/span><\/p><p><span style=\"font-weight: 400;\">\u00a0Courriel : <strong>hello@we-glide.com<\/strong><\/span><\/p><p><span style=\"font-weight: 400;\">\u00a0Adresse postale : <strong>Pointe d'Esny, Mauritanie<\/strong><\/span><\/p><h3><b>10. Transferts de donn\u00e9es en dehors de l'UE<\/b><\/h3><p><span style=\"font-weight: 400;\">Les donn\u00e9es sont h\u00e9berg\u00e9es sur les serveurs de <\/span><b>Hostinger International Ltd<\/b><span style=\"font-weight: 400;\"> (UE). Aucun transfert en dehors de l'Union europ\u00e9enne n'est effectu\u00e9 sans les garanties appropri\u00e9es.<\/span><\/p><h3><b>11. Changements de politique<\/b><\/h3><p><span style=\"font-weight: 400;\">Cette politique peut \u00eatre mise \u00e0 jour \u00e0 tout moment. La version la plus r\u00e9cente sera toujours disponible sur cette page.<\/span><\/p>\t\t\t\t\t\t\t\t<\/div>\n\t\t\t\t\t<\/div>\n\t\t\t\t<\/div>\n\t\t\t\t<\/div>","protected":false},"excerpt":{"rendered":"<p>Privacy Policy Last updated: October 29, 2025 1. Data controller The data controller is: WE GLIDE Head office: Pointe d&#8217;Esny, Mauritius Contact email: hello@we-glide.com Phone: +230 5511 4777 The https:\/\/we-glide.com\/ website has been developed by Blablabla Agency LTD, located at 13 Lees Street, 74404 Curepipe, Mauritius. Hosting is provided by Hostinger International Ltd, whose servers [&hellip;]<\/p>\n","protected":false},"author":2,"featured_media":0,"parent":0,"menu_order":0,"comment_status":"closed","ping_status":"closed","template":"","meta":{"_acf_changed":false,"footnotes":""},"class_list":["post-1603","page","type-page","status-publish","hentry"],"acf":[],"_links":{"self":[{"href":"https:\/\/we-glide.com\/fr\/wp-json\/wp\/v2\/pages\/1603","targetHints":{"allow":["GET"]}}],"collection":[{"href":"https:\/\/we-glide.com\/fr\/wp-json\/wp\/v2\/pages"}],"about":[{"href":"https:\/\/we-glide.com\/fr\/wp-json\/wp\/v2\/types\/page"}],"author":[{"embeddable":true,"href":"https:\/\/we-glide.com\/fr\/wp-json\/wp\/v2\/users\/2"}],"replies":[{"embeddable":true,"href":"https:\/\/we-glide.com\/fr\/wp-json\/wp\/v2\/comments?post=1603"}],"version-history":[{"count":18,"href":"https:\/\/we-glide.com\/fr\/wp-json\/wp\/v2\/pages\/1603\/revisions"}],"predecessor-version":[{"id":3292,"href":"https:\/\/we-glide.com\/fr\/wp-json\/wp\/v2\/pages\/1603\/revisions\/3292"}],"wp:attachment":[{"href":"https:\/\/we-glide.com\/fr\/wp-json\/wp\/v2\/media?parent=1603"}],"curies":[{"name":"wp","href":"https:\/\/api.w.org\/{rel}","templated":true}]}}