{"id":1608,"date":"2025-08-29T21:36:27","date_gmt":"2025-08-29T21:36:27","guid":{"rendered":"https:\/\/we-glide.com\/?page_id=1608"},"modified":"2026-02-04T08:53:48","modified_gmt":"2026-02-04T08:53:48","slug":"conditions-generales","status":"publish","type":"page","link":"https:\/\/we-glide.com\/fr\/terms-conditions\/","title":{"rendered":"Conditions G\u00e9n\u00e9rales D'utilisation"},"content":{"rendered":"<div data-elementor-type=\"wp-page\" data-elementor-id=\"1608\" class=\"elementor elementor-1608\">\n\t\t\t\t<div class=\"elementor-element elementor-element-33c7cbf e-flex e-con-boxed e-con e-parent\" data-id=\"33c7cbf\" data-element_type=\"container\" data-e-type=\"container\">\n\t\t\t\t\t<div class=\"e-con-inner\">\n\t\t\t\t<div class=\"elementor-element elementor-element-512e323 elementor-widget elementor-widget-text-editor\" data-id=\"512e323\" data-element_type=\"widget\" data-e-type=\"widget\" data-widget_type=\"text-editor.default\">\n\t\t\t\t\t\t\t\t\t<h2>1. \u00c9diteur de site<\/h2><p>Ce site web <strong><a href=\"https:\/\/we-glide.com\/fr\/\" target=\"_blank\" rel=\"noopener\">https:\/\/we-glide.com\/<\/a><\/strong> est publi\u00e9 par :<br \/><strong>WE GLIDE<\/strong><\/p><p>Forme juridique :<strong> LTD<\/strong><br \/>Si\u00e8ge social : <strong>POINTE D'ESNY, MAURICE<\/strong><br \/>MAURICE RCS : C24213552<br \/>Num\u00e9ro de TVA intracommunautaire : <br \/>Courriel : <strong>hello@we-glide.com<\/strong><br \/>T\u00e9l\u00e9phone :<strong> +230 5511 4777<\/strong><\/p><h2>2. Directeur de la publication<\/h2><p>Le directeur de la publication est :<br \/><strong>M.SENUNDON Marvin<\/strong><\/p><h2>3. H\u00e9bergement du site<\/h2><p>Le site est h\u00e9berg\u00e9 par :<br \/><strong>Hostinger International Ltd<\/strong><br \/>Adresse : <strong>61 Lordou Vironos Street, 6023 Larnaca, Chypre<\/strong><br \/>Site web :<strong><a href=\"https:\/\/www.hostinger.com\"> https:\/\/www.hostinger.com<\/a><\/strong><\/p><h2>4. D\u00e9veloppement et entretien du site<\/h2><p>Le site a \u00e9t\u00e9 con\u00e7u par :<br \/><strong>Agence Blablabla LTD<\/strong><br \/>Si\u00e8ge social : <strong>13 Lees Street, 74404 Curepipe, Maurice<\/strong><br \/>Courriel : hello@blablabla-agency.com<\/p><h2>5. Propri\u00e9t\u00e9 intellectuelle<\/h2><p>Tout le contenu du site (textes, images, graphiques, logos, ic\u00f4nes, etc.) est la propri\u00e9t\u00e9 exclusive de <strong>WE GLIDE<\/strong>sauf indication contraire.<\/p><p>Toute reproduction, repr\u00e9sentation, modification, publication, adaptation de tout ou partie des \u00e9l\u00e9ments du site, quel que soit le moyen ou le proc\u00e9d\u00e9 utilis\u00e9, est interdite, sauf autorisation \u00e9crite pr\u00e9alable.<\/p><h2>6. Limitation de la responsabilit\u00e9<\/h2><p><strong>WE GLIDE<\/strong> ne pourra \u00eatre tenu responsable des dommages directs ou indirects caus\u00e9s au mat\u00e9riel de l'utilisateur lors de l'acc\u00e8s au site.<br \/>Le site contient des liens hypertextes vers d'autres sites ; <strong>WE GLIDE<\/strong> n'assume aucune responsabilit\u00e9 quant au contenu de ces sites externes.<\/p><h2>7. Donn\u00e9es \u00e0 caract\u00e8re personnel<\/h2><p>Les informations collect\u00e9es via le site (formulaire de contact, cookies) sont trait\u00e9es conform\u00e9ment \u00e0 la politique de confidentialit\u00e9, consultable sur la page d\u00e9di\u00e9e.<\/p><h2>8. Droit applicable<\/h2><p>Les pr\u00e9sentes mentions l\u00e9gales sont r\u00e9gies par <strong>Mauricien<\/strong> Les pr\u00e9sentes conditions g\u00e9n\u00e9rales sont r\u00e9gies par le droit communautaire. Tout litige relatif \u00e0 leur interpr\u00e9tation et \u00e0 leur ex\u00e9cution sera soumis aux tribunaux comp\u00e9tents dans le ressort du si\u00e8ge social de la soci\u00e9t\u00e9.<\/p><h2>9. Objet du site<\/h2><p data-start=\"1240\" data-end=\"1429\">L'objectif du site est de fournir des informations sur <strong data-start=\"1296\" data-end=\"1344\">WE GLIDE\u2019s services, activities, and projects<\/strong>, et de faciliter le contact entre l'entreprise et ses utilisateurs ou clients potentiels.<\/p><p data-start=\"1431\" data-end=\"1572\">Les informations fournies sur ce site le sont \u00e0 titre d'information g\u00e9n\u00e9rale uniquement et sont susceptibles d'\u00eatre modifi\u00e9es \u00e0 tout moment sans pr\u00e9avis.<\/p><h2 data-start=\"1684\" data-end=\"1715\"><strong data-start=\"1688\" data-end=\"1715\">10. R\u00e9servations et services<\/strong><\/h2><h4 data-start=\"1717\" data-end=\"1745\"><strong data-start=\"1722\" data-end=\"1745\">10.1 Processus de r\u00e9servation<\/strong><\/h4><p data-start=\"1746\" data-end=\"1918\">Les utilisateurs peuvent r\u00e9server des services (tels que des exp\u00e9riences, des locations ou des forfaits) directement sur le site, en remplissant le formulaire de r\u00e9servation en ligne ou par d'autres moyens de contact indiqu\u00e9s.<\/p><p data-start=\"1920\" data-end=\"2127\">Toutes les r\u00e9servations sont soumises \u00e0 la disponibilit\u00e9 et \u00e0 la confirmation par <strong>WE GLIDE<\/strong>. Une fois la demande de r\u00e9servation soumise, les utilisateurs recevront une confirmation par courrier \u00e9lectronique pr\u00e9cisant les d\u00e9tails du service et les modalit\u00e9s de paiement.<\/p><h4 data-start=\"2129\" data-end=\"2161\"><strong data-start=\"2134\" data-end=\"2161\">10.2 Tarification et paiement<\/strong><\/h4><p data-start=\"2162\" data-end=\"2432\">Les prix affich\u00e9s sur le site sont exprim\u00e9s en roupies mauriciennes (MUR) et incluent les taxes applicables, sauf indication contraire.<br data-start=\"2274\" data-end=\"2277\" \/><strong>WE GLIDE<\/strong> se r\u00e9serve le droit de modifier ses prix \u00e0 tout moment, mais les services seront factur\u00e9s sur la base des tarifs en vigueur au moment de la confirmation de la r\u00e9servation.<\/p><p data-start=\"2434\" data-end=\"2564\">Les paiements peuvent \u00eatre effectu\u00e9s par les m\u00e9thodes indiqu\u00e9es sur le site. Les transactions sont s\u00e9curis\u00e9es \u00e0 l'aide de protocoles de cryptage conformes aux normes de l'industrie.<\/p><h4 data-start=\"2566\" data-end=\"2603\"><strong data-start=\"2571\" data-end=\"2603\">10.3 Annulation et remboursement<\/strong><\/h4><p data-start=\"2604\" data-end=\"2696\">Les annulations doivent \u00eatre communiqu\u00e9es par \u00e9crit, par courrier \u00e9lectronique, \u00e0 l'adresse suivante <strong>hello@we-glide.com<\/strong><\/p><h2>11. Propri\u00e9t\u00e9 intellectuelle<\/h2><p data-start=\"1613\" data-end=\"1815\">Tous les \u00e9l\u00e9ments apparaissant sur le site, y compris, mais sans s'y limiter, les textes, les images, les graphiques, les logos, les ic\u00f4nes, les vid\u00e9os et les \u00e9l\u00e9ments de conception, sont la propri\u00e9t\u00e9 de la Commission. <strong data-start=\"1753\" data-end=\"1787\">exclusive property of WE GLIDE<\/strong>sauf indication contraire.<\/p><p data-start=\"1817\" data-end=\"2085\">Toute reproduction, distribution, modification, adaptation ou publication de tout ou partie des \u00e9l\u00e9ments du site, quel que soit le moyen ou le proc\u00e9d\u00e9 utilis\u00e9, est interdite, sauf autorisation \u00e9crite pr\u00e9alable de <strong>WE GLIDE<\/strong>, est strictement interdite et constitue une contrefa\u00e7on passible de sanctions p\u00e9nales.<\/p><h2><strong data-start=\"3568\" data-end=\"3583\">12. Cookies<\/strong><\/h2><p>Le site peut utiliser des cookies pour am\u00e9liorer la navigation et l'exp\u00e9rience de l'utilisateur. Les utilisateurs peuvent choisir d'accepter ou de refuser les cookies par le biais des param\u00e8tres de leur navigateur. Pour plus d'informations, consultez notre <a href=\"https:\/\/we-glide.com\/fr\/politique-en-matiere-de-cookies\/\"><strong data-start=\"3766\" data-end=\"3783\">Politique en mati\u00e8re de cookies<\/strong>.<\/a><\/p><h2><strong data-start=\"3795\" data-end=\"3817\">13. Liens externes<\/strong><\/h2><p>Le site peut contenir des liens vers des sites web externes. <strong>WE GLIDE<\/strong> n'a aucun contr\u00f4le sur le contenu de ces sites tiers et d\u00e9cline toute responsabilit\u00e9 quant \u00e0 leur contenu, leur exactitude, leur l\u00e9galit\u00e9 ou leur fonctionnalit\u00e9.<\/p><h2><strong data-start=\"4031\" data-end=\"4070\">13. Droit applicable et juridiction<\/strong><\/h2><p>Les pr\u00e9sentes conditions sont r\u00e9gies par <strong data-start=\"4115\" data-end=\"4132\">Droit mauricien<\/strong>.<br data-start=\"4133\" data-end=\"4136\" \/>Tout litige relatif \u00e0 l'interpr\u00e9tation ou \u00e0 l'ex\u00e9cution des pr\u00e9sentes conditions sera soumis aux tribunaux comp\u00e9tents dans le ressort du si\u00e8ge social de la soci\u00e9t\u00e9.<\/p><h2><strong data-start=\"4320\" data-end=\"4335\">14. Contact<\/strong><\/h2><p data-start=\"4337\" data-end=\"4492\">Pour toute question concernant les pr\u00e9sentes conditions g\u00e9n\u00e9rales, vous pouvez contacter : <strong data-start=\"4412\" data-end=\"4424\">WE GLIDE<\/strong><br data-start=\"4424\" data-end=\"4427\" \/>Courriel : <strong>hello@we-glide.com<\/strong><\/p><h2><strong data-start=\"4320\" data-end=\"4335\">\u00a0<\/strong><\/h2>\t\t\t\t\t\t\t\t<\/div>\n\t\t\t\t\t<\/div>\n\t\t\t\t<\/div>\n\t\t\t\t<\/div>","protected":false},"excerpt":{"rendered":"<p>1. Site Editor This website https:\/\/we-glide.com\/ is published by:WE GLIDE Legal form: LTDHead office: POINTE D\u2019ESNY, MAURITIUSMAURITIUS RCS: C24213552Intra-community VAT number: Email : hello@we-glide.comPhone : +230 5511 4777 2. Publication Director The publication director is:M.SENUNDON Marvin 3. Hosting the site The site is hosted by:Hostinger International LtdAddress: 61 Lordou Vironos Street, 6023 Larnaca, CyprusSite web [&hellip;]<\/p>\n","protected":false},"author":2,"featured_media":0,"parent":0,"menu_order":0,"comment_status":"closed","ping_status":"closed","template":"","meta":{"_acf_changed":false,"footnotes":""},"class_list":["post-1608","page","type-page","status-publish","hentry"],"acf":[],"_links":{"self":[{"href":"https:\/\/we-glide.com\/fr\/wp-json\/wp\/v2\/pages\/1608","targetHints":{"allow":["GET"]}}],"collection":[{"href":"https:\/\/we-glide.com\/fr\/wp-json\/wp\/v2\/pages"}],"about":[{"href":"https:\/\/we-glide.com\/fr\/wp-json\/wp\/v2\/types\/page"}],"author":[{"embeddable":true,"href":"https:\/\/we-glide.com\/fr\/wp-json\/wp\/v2\/users\/2"}],"replies":[{"embeddable":true,"href":"https:\/\/we-glide.com\/fr\/wp-json\/wp\/v2\/comments?post=1608"}],"version-history":[{"count":30,"href":"https:\/\/we-glide.com\/fr\/wp-json\/wp\/v2\/pages\/1608\/revisions"}],"predecessor-version":[{"id":3289,"href":"https:\/\/we-glide.com\/fr\/wp-json\/wp\/v2\/pages\/1608\/revisions\/3289"}],"wp:attachment":[{"href":"https:\/\/we-glide.com\/fr\/wp-json\/wp\/v2\/media?parent=1608"}],"curies":[{"name":"wp","href":"https:\/\/api.w.org\/{rel}","templated":true}]}}