{"id":49,"date":"2024-03-07T03:36:48","date_gmt":"2024-03-07T03:36:48","guid":{"rendered":"https:\/\/travelpro-wp.laralink.com\/?page_id=49"},"modified":"2026-01-24T17:12:10","modified_gmt":"2026-01-24T17:12:10","slug":"contact","status":"publish","type":"page","link":"https:\/\/we-glide.com\/fr\/contact\/","title":{"rendered":"Contactez-nous"},"content":{"rendered":"<div data-elementor-type=\"wp-page\" data-elementor-id=\"49\" class=\"elementor elementor-49\">\n\t\t\t\t<div class=\"elementor-element elementor-element-79cb25d e-con-full e-flex e-con e-parent\" data-id=\"79cb25d\" data-element_type=\"container\" data-e-type=\"container\">\n\t\t\t\t<div class=\"elementor-element elementor-element-520c467 elementor-widget elementor-widget-contact-info\" data-id=\"520c467\" data-element_type=\"widget\" data-e-type=\"widget\" data-widget_type=\"contact-info.default\">\n\t\t\t\t<div class=\"elementor-widget-container\">\n\t\t\t\t\t\r\n       <!-- Start Contact Section -->\r\n      <section>\r\n        <div class=\"cs_height_140 cs_height_lg_80\"><\/div>\r\n        <div class=\"container\">\r\n          <div class=\"row cs_gap_y_40\">\r\n                        <div class=\"col-lg-3 col-md-6\">\r\n              <div class=\"cs_iconbox cs_style_5 cs_gray_bg cs_radius_5 text-center\">\r\n                <div class=\"cs_iconbox_icon cs_accent_bg cs_white_color cs_center cs_radius_5\"><i class=\"fa-solid fa-location-dot\"><\/i><\/div>\r\n                <h2 class=\"cs_iconbox_title cs_fs_24 cs_semibold\"><h3>Adresse<\/h2>\r\n                <p class=\"cs_iconbox_subtitle mb-0\">Pointe d'esny MU, Mahebourg 50810<\/p>\r\n              <\/div>\r\n            <\/div>\r\n                        <div class=\"col-lg-3 col-md-6\">\r\n              <div class=\"cs_iconbox cs_style_5 cs_gray_bg cs_radius_5 text-center\">\r\n                <div class=\"cs_iconbox_icon cs_accent_bg cs_white_color cs_center cs_radius_5\"><i class=\"fa-solid fa-phone\"><\/i><\/div>\r\n                <h2 class=\"cs_iconbox_title cs_fs_24 cs_semibold\"><h3>T\u00e9l\u00e9phone<\/h2>\r\n                <p class=\"cs_iconbox_subtitle mb-0\">+230 5511 4777<\/p>\r\n              <\/div>\r\n            <\/div>\r\n                        <div class=\"col-lg-3 col-md-6\">\r\n              <div class=\"cs_iconbox cs_style_5 cs_gray_bg cs_radius_5 text-center\">\r\n                <div class=\"cs_iconbox_icon cs_accent_bg cs_white_color cs_center cs_radius_5\"><i class=\"fa-solid fa-envelope\"><\/i><\/div>\r\n                <h2 class=\"cs_iconbox_title cs_fs_24 cs_semibold\"><h3>E-Mail<\/h2>\r\n                <p class=\"cs_iconbox_subtitle mb-0\">hello@we-glide.com<\/p>\r\n              <\/div>\r\n            <\/div>\r\n                        <div class=\"col-lg-3 col-md-6\">\r\n              <div class=\"cs_iconbox cs_style_5 cs_gray_bg cs_radius_5 text-center\">\r\n                <div class=\"cs_iconbox_icon cs_accent_bg cs_white_color cs_center cs_radius_5\"><i class=\"fa-solid fa-headset\"><\/i><\/div>\r\n                <h2 class=\"cs_iconbox_title cs_fs_24 cs_semibold\"><h3>Support<\/h2>\r\n                <p class=\"cs_iconbox_subtitle mb-0\">Support client disponible 24h\/24<\/p>\r\n              <\/div>\r\n            <\/div>\r\n                      <\/div>\r\n        <\/div>\r\n        <div class=\"cs_height_140 cs_height_lg_80\"><\/div>\r\n      <\/section>\r\n       <!-- End Contact Section -->\r\n               \r\n    \t\t\t\t<\/div>\n\t\t\t\t<\/div>\n\t\t\t\t<\/div>\n\t\t<div class=\"elementor-element elementor-element-20e588e e-flex e-con-boxed e-con e-parent\" data-id=\"20e588e\" data-element_type=\"container\" data-e-type=\"container\">\n\t\t\t\t\t<div class=\"e-con-inner\">\n\t\t<div class=\"elementor-element elementor-element-4a0de10 e-con-full e-flex e-con e-child\" data-id=\"4a0de10\" data-element_type=\"container\" data-e-type=\"container\" data-settings=\"{&quot;background_background&quot;:&quot;classic&quot;}\">\n\t\t\t\t<div class=\"elementor-element elementor-element-f053561 elementor-widget elementor-widget-heading\" data-id=\"f053561\" data-element_type=\"widget\" data-e-type=\"widget\" data-widget_type=\"heading.default\">\n\t\t\t\t\t<h2 class=\"elementor-heading-title elementor-size-default\">Restez Connect\u00e9s<\/h2>\t\t\t\t<\/div>\n\t\t\t\t<div class=\"elementor-element elementor-element-0de3df0 elementor-widget elementor-widget-heading\" data-id=\"0de3df0\" data-element_type=\"widget\" data-e-type=\"widget\" data-widget_type=\"heading.default\">\n\t\t\t\t\t<h2 class=\"elementor-heading-title elementor-size-default\">Partagez-nous votre projet et nous reviendrons vers vous rapidement<\/h2>\t\t\t\t<\/div>\n\t\t\t\t<div class=\"elementor-element elementor-element-0e7b698 elementor-widget elementor-widget-shortcode\" data-id=\"0e7b698\" data-element_type=\"widget\" data-e-type=\"widget\" data-widget_type=\"shortcode.default\">\n\t\t\t\t\t\t\t<div class=\"elementor-shortcode\"><div class=\"forminator-ui forminator-custom-form forminator-custom-form-2384 forminator-design--material  forminator_ajax\" data-forminator-render=\"0\" data-form=\"forminator-module-2384\" data-uid=\"69df974165581\"><br\/><\/div><form\r\n\t\t\t\tid=\"forminator-module-2384\"\r\n\t\t\t\tclass=\"forminator-ui forminator-custom-form forminator-custom-form-2384 forminator-design--material  forminator_ajax\"\r\n\t\t\t\tmethod=\"post\"\r\n\t\t\t\tdata-forminator-render=\"0\"\r\n\t\t\t\tdata-form-id=\"2384\"\r\n\t\t\t\t data-color-option=\"default\" data-design=\"material\" data-grid=\"open\" style=\"display: none;\"\r\n\t\t\t\tdata-uid=\"69df974165581\" action=\"\"\r\n\t\t\t><div role=\"alert\" aria-live=\"polite\" class=\"forminator-response-message forminator-error\" aria-hidden=\"true\"><\/div><div class=\"forminator-row\"><div id=\"name-1\" class=\"forminator-field-name forminator-col forminator-col-12\"><div class=\"forminator-row forminator-no-margin\" data-multiple=\"true\"><div class=\"forminator-col forminator-col-md-6\"><div class=\"forminator-field\"><label for=\"forminator-field-first-name-1_69df974165581\" id=\"forminator-field-first-name-1_69df974165581-label\" class=\"forminator-label\">Pr\u00e9nom <span class=\"forminator-required\">*<\/span><\/label><input type=\"text\" name=\"name-1-first-name\" placeholder=\"\" id=\"forminator-field-first-name-1_69df974165581\" class=\"forminator-input\" aria-required=\"true\" data-multi=\"1\" autocomplete=\"given-name\" value=\"\" \/><\/div><\/div><div class=\"forminator-col forminator-col-md-6\"><div class=\"forminator-field\"><label for=\"forminator-field-last-name-1_69df974165581\" id=\"forminator-field-last-name-1_69df974165581-label\" class=\"forminator-label\">Nom de famille<\/label><input type=\"text\" name=\"name-1-last-name\" placeholder=\"\" id=\"forminator-field-last-name-1_69df974165581\" class=\"forminator-input\" aria-required=\"false\" data-multi=\"1\" autocomplete=\"family-name\" value=\"\" \/><\/div><\/div><\/div><\/div><\/div><div class=\"forminator-row\"><div id=\"email-1\" class=\"forminator-field-email forminator-col forminator-col-12\"><div class=\"forminator-field\"><label for=\"forminator-field-email-1_69df974165581\" id=\"forminator-field-email-1_69df974165581-label\" class=\"forminator-label\">Adresse \u00e9lectronique <span class=\"forminator-required\">*<\/span><\/label><input type=\"email\" name=\"email-1\" value=\"\" placeholder=\"Saisissez votre adresse \u00e9lectronique ici\" id=\"forminator-field-email-1_69df974165581\" class=\"forminator-input forminator-email--field\" data-required=\"true\" aria-required=\"true\" autocomplete=\"email\" \/><\/div><\/div><\/div><div class=\"forminator-row\"><div id=\"phone-1\" class=\"forminator-field-phone forminator-col forminator-col-12\"><div class=\"forminator-field\"><label for=\"forminator-field-phone-1_69df974165581\" id=\"forminator-field-phone-1_69df974165581-label\" class=\"forminator-label\">Num\u00e9ro de t\u00e9l\u00e9phone <span class=\"forminator-required\">*<\/span><\/label><input type=\"text\" name=\"phone-1\" value=\"\" placeholder=\"Saisissez votre num\u00e9ro de t\u00e9l\u00e9phone\" id=\"forminator-field-phone-1_69df974165581\" class=\"forminator-input forminator-field--phone\" data-required=\"1\" aria-required=\"true\" autocomplete=\"tel-national\" data-national_mode=\"enabled\" data-country=\"mu\" data-validation=\"standard\" \/><\/div><\/div><\/div><div class=\"forminator-row\"><div id=\"select-1\" class=\"forminator-field-select forminator-col forminator-col-12\"><div class=\"forminator-field\"><label for=\"forminator-form-2384__field--select-1_69df974165581\" id=\"forminator-form-2384__field--select-1_69df974165581-label\" class=\"forminator-label\">Services <span class=\"forminator-required\">*<\/span><\/label><select multiple id=\"forminator-form-2384__field--select-1_69df974165581\" class=\"forminator-select--field forminator-select2 forminator-select2-multiple\" data-required=\"1\" name=\"select-1[]\" data-default-value=\"\" data-hidden-behavior=\"zero\" data-placeholder=\"Merci de choisir une option\" data-search=\"true\" data-search-placeholder=\"Search\" data-checkbox=\"false\" data-allow-clear=\"true\" aria-labelledby=\"forminator-form-2384__field--select-1_69df974165581-label\"><option value=\"KITESURF-COMPLETE-BEGINNER-COURSE\"  data-calculation=\"0\">KITESURF<\/option><option value=\"WINGFOIL-COMPLETE-BEGINNER-COURSE\"  data-calculation=\"0\">WINGFOIL<\/option><option value=\"RENTALS\"  data-calculation=\"0\">LOCATION<\/option><\/select><\/div><\/div><\/div><div class=\"forminator-row\"><div id=\"textarea-1\" class=\"forminator-field-textarea forminator-col forminator-col-12\"><div class=\"forminator-field\"><label for=\"forminator-field-textarea-1_69df974165581\" id=\"forminator-field-textarea-1_69df974165581-label\" class=\"forminator-label\">Message<\/label><span id=\"forminator-field-textarea-1_69df974165581-description\" class=\"forminator-description\"><span data-limit=\"600\" data-type=\"characters\" data-editor=\"\">0 \/ 600<\/span><\/span><textarea name=\"textarea-1\" placeholder=\"Tapez votre message ici\" id=\"forminator-field-textarea-1_69df974165581\" class=\"forminator-textarea\" rows=\"6\" style=\"min-height:140px;\" maxlength=\"600\" ><\/textarea><\/div><\/div><\/div><input type=\"hidden\" name=\"referer_url\" value=\"\" \/><div class=\"forminator-row forminator-row-last\"><div class=\"forminator-col\"><div class=\"forminator-field\"><button class=\"forminator-button forminator-button-submit\"><span>Envoyez-nous votre message<\/span><span aria-hidden=\"true\"><\/span><\/button><\/div><\/div><\/div><input type=\"hidden\" id=\"forminator_nonce\" name=\"forminator_nonce\" value=\"83c8aecf13\" \/><input type=\"hidden\" name=\"_wp_http_referer\" value=\"\/fr\/wp-json\/wp\/v2\/pages\/49\" \/><input type=\"hidden\" name=\"form_id\" value=\"2384\"><input type=\"hidden\" name=\"page_id\" value=\"49\"><input type=\"hidden\" name=\"form_type\" value=\"default\"><input type=\"hidden\" name=\"current_url\" value=\"https:\/\/we-glide.com\/fr\/contact\/\"><input type=\"hidden\" name=\"render_id\" value=\"0\"><input type=\"hidden\" name=\"action\" value=\"forminator_submit_form_custom-forms\"><input type=\"hidden\" name=\"trp-form-language\" value=\"fr\"\/><\/form><\/div>\n\t\t\t\t\t\t<\/div>\n\t\t\t\t<\/div>\n\t\t<div class=\"elementor-element elementor-element-69953a0 e-con-full e-flex e-con e-child\" data-id=\"69953a0\" data-element_type=\"container\" data-e-type=\"container\">\n\t\t<div class=\"elementor-element elementor-element-7461fdd e-con-full e-flex e-con e-child\" data-id=\"7461fdd\" data-element_type=\"container\" data-e-type=\"container\" data-settings=\"{&quot;background_background&quot;:&quot;classic&quot;}\">\n\t\t\t\t<div class=\"elementor-element elementor-element-20d0cb7 elementor-widget elementor-widget-google_maps\" data-id=\"20d0cb7\" data-element_type=\"widget\" data-e-type=\"widget\" data-widget_type=\"google_maps.default\">\n\t\t\t\t\t\t\t<div class=\"elementor-custom-embed\">\n\t\t\t<iframe loading=\"lazy\"\n\t\t\t\t\tsrc=\"https:\/\/maps.google.com\/maps?q=We%20Glide%20Kitesurf%20%26%20Wingfoil%2C%20Pointe%20d%27esny%20MU%2C%20Mahebourg%2050810&#038;t=m&#038;z=18&#038;output=embed&#038;iwloc=near\"\n\t\t\t\t\ttitle=\"We Glide Kitesurf &amp; Wingfoil, Pointe d&#039;esny MU, Mahebourg 50810\"\n\t\t\t\t\taria-label=\"We Glide Kitesurf &amp; Wingfoil, Pointe d&#039;esny MU, Mahebourg 50810\"\n\t\t\t><\/iframe>\n\t\t<\/div>\n\t\t\t\t\t\t<\/div>\n\t\t\t\t<\/div>\n\t\t\t\t<\/div>\n\t\t\t\t\t<\/div>\n\t\t\t\t<\/div>\n\t\t<div class=\"elementor-element elementor-element-5ad097c e-flex e-con-boxed e-con e-parent\" data-id=\"5ad097c\" data-element_type=\"container\" data-e-type=\"container\">\n\t\t\t\t\t<div class=\"e-con-inner\">\n\t\t\t\t<div class=\"elementor-element elementor-element-1f109d3 elementor-widget elementor-widget-spacer\" data-id=\"1f109d3\" data-element_type=\"widget\" data-e-type=\"widget\" data-widget_type=\"spacer.default\">\n\t\t\t\t\t\t\t<div class=\"elementor-spacer\">\n\t\t\t<div class=\"elementor-spacer-inner\"><\/div>\n\t\t<\/div>\n\t\t\t\t\t\t<\/div>\n\t\t\t\t\t<\/div>\n\t\t\t\t<\/div>\n\t\t\t\t<\/div>","protected":false},"excerpt":{"rendered":"<p>Office Address Pointe d&#8217;esny MU, Mahebourg 50810 Phone Call +230 5511 4777 E-Mail hello@we-glide.com Supports 24\/7 any time support team Stay connected Contact Information<\/p>","protected":false},"author":2,"featured_media":2579,"parent":0,"menu_order":0,"comment_status":"closed","ping_status":"closed","template":"elementor_header_footer","meta":{"_acf_changed":false,"footnotes":""},"class_list":["post-49","page","type-page","status-publish","has-post-thumbnail","hentry"],"acf":[],"_links":{"self":[{"href":"https:\/\/we-glide.com\/fr\/wp-json\/wp\/v2\/pages\/49","targetHints":{"allow":["GET"]}}],"collection":[{"href":"https:\/\/we-glide.com\/fr\/wp-json\/wp\/v2\/pages"}],"about":[{"href":"https:\/\/we-glide.com\/fr\/wp-json\/wp\/v2\/types\/page"}],"author":[{"embeddable":true,"href":"https:\/\/we-glide.com\/fr\/wp-json\/wp\/v2\/users\/2"}],"replies":[{"embeddable":true,"href":"https:\/\/we-glide.com\/fr\/wp-json\/wp\/v2\/comments?post=49"}],"version-history":[{"count":68,"href":"https:\/\/we-glide.com\/fr\/wp-json\/wp\/v2\/pages\/49\/revisions"}],"predecessor-version":[{"id":3189,"href":"https:\/\/we-glide.com\/fr\/wp-json\/wp\/v2\/pages\/49\/revisions\/3189"}],"wp:featuredmedia":[{"embeddable":true,"href":"https:\/\/we-glide.com\/fr\/wp-json\/wp\/v2\/media\/2579"}],"wp:attachment":[{"href":"https:\/\/we-glide.com\/fr\/wp-json\/wp\/v2\/media?parent=49"}],"curies":[{"name":"wp","href":"https:\/\/api.w.org\/{rel}","templated":true}]}}